{"id":6820,"date":"2025-04-18T15:27:18","date_gmt":"2025-04-18T15:27:18","guid":{"rendered":"https:\/\/toolexpert.nl\/?post_type=product&#038;p=6820"},"modified":"2025-04-21T10:01:09","modified_gmt":"2025-04-21T10:01:09","slug":"smart-35mm-deep-cut-metal-buster-blade-starlock-plus","status":"publish","type":"product","link":"https:\/\/toolexpert.nl\/en\/smart-35mm-deep-cut-metal-buster-blade-starlock-plus\/","title":{"rendered":"SMART 35mm Deep Cut \u2018Metal Buster\u2019 \u2013 Starlock Plus"},"content":{"rendered":"<p class=\"\" data-start=\"647\" data-end=\"995\">Het <strong data-start=\"651\" data-end=\"718\">SMART Professional Series 35mm Deep Cut \u2018Metal Buster\u2019 Zaagblad<\/strong> met <strong data-start=\"723\" data-end=\"752\">Starlock Plus aansluiting<\/strong> is speciaal ontworpen voor de meest veeleisende metaalbewerkingen. Dankzij de <strong data-start=\"831\" data-end=\"866\">extra lange snijlengte van 52mm<\/strong> snijdt dit blad met gemak door dik metaal, stalen bouten, schroeven, vezelcement en andere abrasieve materialen zoals fiberglas.<\/p>\n<p class=\"\" data-start=\"997\" data-end=\"1262\">De <strong data-start=\"1000\" data-end=\"1031\">tungsten carbide vertanding<\/strong> zorgt voor een uitzonderlijk lange levensduur en maakt het mogelijk om zelfs geharde schroeven en staal effici\u00ebnt door te zagen. Perfect voor diepere zaagsneden in \u00e9\u00e9n doorgang, wat tijd bespaart en zorgt voor een strak resultaat.<\/p>\n<p class=\"\" data-start=\"1264\" data-end=\"1570\">De <strong data-start=\"1267\" data-end=\"1294\">Starlock Plus koppeling<\/strong> zorgt voor maximale krachtoverbrenging en minimale trillingen \u2013 ideaal voor zware toepassingen in installatiewerk, renovatie of industrieel gebruik. Vervaardigd in het VK, en onderdeel van de <strong data-start=\"1487\" data-end=\"1516\">SMART Professional Series<\/strong>, is dit zaagblad gemaakt voor serieuze professionals.<\/p>\n","protected":false},"excerpt":{"rendered":"<h4 class=\"\" data-start=\"278\" data-end=\"308\"><\/h4>\n<ul data-start=\"309\" data-end=\"607\">\n<li class=\"\" data-start=\"309\" data-end=\"368\">\n<p class=\"\" data-start=\"311\" data-end=\"368\">35mm breed zaagblad met extra diepe snijlengte van 52mm<\/p>\n<\/li>\n<li class=\"\" data-start=\"369\" data-end=\"435\">\n<p class=\"\" data-start=\"371\" data-end=\"435\">Voor dik metaal, geharde schroeven, staal, vezelcement en meer<\/p>\n<\/li>\n<li class=\"\" data-start=\"436\" data-end=\"493\">\n<p class=\"\" data-start=\"438\" data-end=\"493\">Tungsten carbide vertanding voor extreme duurzaamheid<\/p>\n<\/li>\n<li class=\"\" data-start=\"494\" data-end=\"548\">\n<p class=\"\" data-start=\"496\" data-end=\"548\">Starlock Plus aansluiting voor maximale prestaties<\/p>\n<\/li>\n<li class=\"\" data-start=\"549\" data-end=\"607\">\n<p class=\"\" data-start=\"551\" data-end=\"607\">Gemaakt in Groot-Brittanni\u00eb voor professioneel gebruik<\/p>\n<\/li>\n<\/ul>\n","protected":false},"featured_media":6821,"comment_status":"open","ping_status":"closed","template":"","meta":{"_acf_changed":false},"product_brand":[397],"product_cat":[72,405],"product_tag":[403],"class_list":{"0":"post-6820","1":"product","2":"type-product","3":"status-publish","4":"has-post-thumbnail","6":"product_brand-smart","7":"product_cat-multitool-zaagjes","8":"product_cat-starlock-plus","9":"product_tag-professional-range","11":"first","12":"instock","13":"taxable","14":"shipping-taxable","15":"purchasable","16":"product-type-simple"},"acf":[],"_links":{"self":[{"href":"https:\/\/toolexpert.nl\/en\/wp-json\/wp\/v2\/product\/6820","targetHints":{"allow":["GET"]}}],"collection":[{"href":"https:\/\/toolexpert.nl\/en\/wp-json\/wp\/v2\/product"}],"about":[{"href":"https:\/\/toolexpert.nl\/en\/wp-json\/wp\/v2\/types\/product"}],"replies":[{"embeddable":true,"href":"https:\/\/toolexpert.nl\/en\/wp-json\/wp\/v2\/comments?post=6820"}],"wp:featuredmedia":[{"embeddable":true,"href":"https:\/\/toolexpert.nl\/en\/wp-json\/wp\/v2\/media\/6821"}],"wp:attachment":[{"href":"https:\/\/toolexpert.nl\/en\/wp-json\/wp\/v2\/media?parent=6820"}],"wp:term":[{"taxonomy":"product_brand","embeddable":true,"href":"https:\/\/toolexpert.nl\/en\/wp-json\/wp\/v2\/product_brand?post=6820"},{"taxonomy":"product_cat","embeddable":true,"href":"https:\/\/toolexpert.nl\/en\/wp-json\/wp\/v2\/product_cat?post=6820"},{"taxonomy":"product_tag","embeddable":true,"href":"https:\/\/toolexpert.nl\/en\/wp-json\/wp\/v2\/product_tag?post=6820"}],"curies":[{"name":"wp","href":"https:\/\/api.w.org\/{rel}","templated":true}]}}