{"id":5741,"date":"2025-04-10T14:34:16","date_gmt":"2025-04-10T14:34:16","guid":{"rendered":"https:\/\/toolexpert.nl\/?post_type=product&#038;p=5741"},"modified":"2025-04-10T14:44:22","modified_gmt":"2025-04-10T14:44:22","slug":"rhodius-xtk35-cross","status":"publish","type":"product","link":"https:\/\/toolexpert.nl\/en\/rhodius-xtk35-cross\/","title":{"rendered":"Rhodius XTK35 CROSS"},"content":{"rendered":"<p class=\"\" data-start=\"345\" data-end=\"693\">De <strong data-start=\"348\" data-end=\"371\">Rhodius XTK35 CROSS<\/strong> maakt het mogelijk om <strong data-start=\"394\" data-end=\"463\">doorslijp- \u00e9n afbraamwerkzaamheden te combineren in \u00e9\u00e9n handeling<\/strong>, zonder schijfwissel. Met een dikte van slechts <strong data-start=\"512\" data-end=\"522\">1,9 mm<\/strong> biedt deze slijpschijf maximale veelzijdigheid, minimale inspanning en een optimaal resultaat \u2013 ideaal voor de veeleisende vakman die snelheid en precisie wil combineren.<\/p>\n<p class=\"\" data-start=\"695\" data-end=\"990\">Dankzij het doordachte 2-in-1 ontwerp bespaar je tijd, ruimte en materiaal. E\u00e9n schijf is voldoende voor meerdere toepassingen, wat het werkproces stroomlijnt en het aantal schijfwissels aanzienlijk vermindert. Dit is niet alleen effici\u00ebnter, maar verhoogt ook de productiviteit op de werkvloer.<\/p>\n<p class=\"\" data-start=\"992\" data-end=\"1195\">De <strong data-start=\"995\" data-end=\"1010\">XTK35 CROSS<\/strong> is geschikt voor het bewerken van zowel <strong data-start=\"1051\" data-end=\"1080\">staal als roestvast staal<\/strong>. De schijf is <strong data-start=\"1095\" data-end=\"1119\">ijzer- en zwavelvrij<\/strong>, waardoor hij zonder risico op verontreiniging kan worden ingezet op RVS.<\/p>\n<p class=\"\" data-start=\"1197\" data-end=\"1555\">Voor de veiligheid is de schijf voorzien van <strong data-start=\"1242\" data-end=\"1273\">drie volledige weefsellagen<\/strong>, wat zorgt voor maximale stabiliteit en betrouwbare prestaties, zelfs onder hoge belasting. De toepassing van het gepatenteerde <strong data-start=\"1402\" data-end=\"1426\">HydroProtect proced\u00e9<\/strong> voorkomt vochtgerelateerde veroudering en verlengt de levensduur van de schijf \u2013 ideaal bij opslag in wisselende omstandigheden.<\/p>\n<p class=\"\" data-start=\"1557\" data-end=\"1728\">De <strong data-start=\"1560\" data-end=\"1583\">Rhodius XTK35 CROSS<\/strong> is een universele en innovatieve oplossing voor professionals die effici\u00ebnt willen werken zonder concessies te doen aan kwaliteit of veiligheid.<\/p>\n","protected":false},"excerpt":{"rendered":"<h3 class=\"\" data-start=\"1735\" data-end=\"1783\"><strong data-start=\"1739\" data-end=\"1783\">Korte beschrijving \u2013 Rhodius XTK35 CROSS<\/strong><\/h3>\n<p class=\"\" data-start=\"1785\" data-end=\"1862\">Multifunctionele schijf voor doorslijpen \u00e9n afbramen in \u00e9\u00e9n soepele werkfase.<\/p>\n<h4 class=\"\" data-start=\"1864\" data-end=\"1879\">Kenmerken:<\/h4>\n<ul data-start=\"1880\" data-end=\"2214\">\n<li class=\"\" data-start=\"1880\" data-end=\"1939\">\n<p class=\"\" data-start=\"1882\" data-end=\"1939\"><strong data-start=\"1882\" data-end=\"1896\">1,9 mm dik<\/strong> \u2013 ideaal voor gecombineerde toepassingen<\/p>\n<\/li>\n<li class=\"\" data-start=\"1940\" data-end=\"1998\">\n<p class=\"\" data-start=\"1942\" data-end=\"1998\"><strong data-start=\"1942\" data-end=\"1969\">Geen schijfwissel nodig<\/strong> \u2013 tijd- en kostenbesparend<\/p>\n<\/li>\n<li class=\"\" data-start=\"1999\" data-end=\"2047\">\n<p class=\"\" data-start=\"2001\" data-end=\"2047\"><strong data-start=\"2001\" data-end=\"2022\">Voor staal en RVS<\/strong> \u2013 ijzer- en zwavelvrij<\/p>\n<\/li>\n<li class=\"\" data-start=\"2048\" data-end=\"2107\">\n<p class=\"\" data-start=\"2050\" data-end=\"2107\"><strong data-start=\"2050\" data-end=\"2071\">Drie weefsellagen<\/strong> \u2013 extra veiligheid en stabiliteit<\/p>\n<\/li>\n<li class=\"\" data-start=\"2108\" data-end=\"2175\">\n<p class=\"\" data-start=\"2110\" data-end=\"2175\"><strong data-start=\"2110\" data-end=\"2138\">HydroProtect technologie<\/strong> \u2013 beschermt tegen vochtveroudering<\/p>\n<\/li>\n<li class=\"\" data-start=\"2176\" data-end=\"2214\">\n<p class=\"\" data-start=\"2178\" data-end=\"2214\"><strong data-start=\"2178\" data-end=\"2214\">Voor gebruik met haakse slijpers<\/strong><\/p>\n<\/li>\n<\/ul>\n","protected":false},"featured_media":5739,"comment_status":"open","ping_status":"closed","template":"","meta":{"_acf_changed":false},"product_brand":[373],"product_cat":[77,338],"product_tag":[374],"class_list":{"0":"post-5741","1":"product","2":"type-product","3":"status-publish","4":"has-post-thumbnail","6":"product_brand-rhodius","7":"product_cat-schuren-slijpen","8":"product_cat-slijpschijven","9":"product_tag-rhodius-made-in-germany","11":"first","12":"instock","13":"taxable","14":"shipping-taxable","15":"purchasable","16":"product-type-variable","17":"rtwpvg-product"},"acf":[],"_links":{"self":[{"href":"https:\/\/toolexpert.nl\/en\/wp-json\/wp\/v2\/product\/5741","targetHints":{"allow":["GET"]}}],"collection":[{"href":"https:\/\/toolexpert.nl\/en\/wp-json\/wp\/v2\/product"}],"about":[{"href":"https:\/\/toolexpert.nl\/en\/wp-json\/wp\/v2\/types\/product"}],"replies":[{"embeddable":true,"href":"https:\/\/toolexpert.nl\/en\/wp-json\/wp\/v2\/comments?post=5741"}],"wp:featuredmedia":[{"embeddable":true,"href":"https:\/\/toolexpert.nl\/en\/wp-json\/wp\/v2\/media\/5739"}],"wp:attachment":[{"href":"https:\/\/toolexpert.nl\/en\/wp-json\/wp\/v2\/media?parent=5741"}],"wp:term":[{"taxonomy":"product_brand","embeddable":true,"href":"https:\/\/toolexpert.nl\/en\/wp-json\/wp\/v2\/product_brand?post=5741"},{"taxonomy":"product_cat","embeddable":true,"href":"https:\/\/toolexpert.nl\/en\/wp-json\/wp\/v2\/product_cat?post=5741"},{"taxonomy":"product_tag","embeddable":true,"href":"https:\/\/toolexpert.nl\/en\/wp-json\/wp\/v2\/product_tag?post=5741"}],"curies":[{"name":"wp","href":"https:\/\/api.w.org\/{rel}","templated":true}]}}