{"id":10616,"date":"2025-05-06T16:17:10","date_gmt":"2025-05-06T16:17:10","guid":{"rendered":"https:\/\/toolexpert.nl\/?post_type=product&#038;p=10616"},"modified":"2025-05-08T09:53:26","modified_gmt":"2025-05-08T09:53:26","slug":"blaklader-short-x1900-denim-stretch","status":"publish","type":"product","link":"https:\/\/toolexpert.nl\/en\/blaklader-short-x1900-denim-stretch\/","title":{"rendered":"Bl\u00e5kl\u00e4der Short X1900 Denim Stretch met Gereedschapszakken"},"content":{"rendered":"<p class=\"\" data-start=\"160\" data-end=\"641\">De Bl\u00e5kl\u00e4der Short X1900 is d\u00e9 ideale keuze voor vakmensen die onder warme omstandigheden werken maar geen compromis willen sluiten op het gebied van comfort, bewegingsvrijheid of functionaliteit. Deze korte werkbroek is vervaardigd uit duurzaam CORDURA\u00ae denim stretch, een materiaal dat bekendstaat om zijn slijtvastheid en flexibiliteit. Dankzij het 2-weg stretchmateriaal in het kruis beweeg je moeiteloos mee met elke beweging, zelfs tijdens de meest veeleisende werkzaamheden.<\/p>\n<p class=\"\" data-start=\"643\" data-end=\"1038\">Ontworpen met het oog op praktisch gebruik en langdurige prestaties, is deze short verstevigd op alle slijtgevoelige plekken. De achterzakken, duimstokzak en ruime gereedschapszakken zijn allemaal versterkt en geschikt voor intensief dagelijks gebruik. De gereedschapszakken kunnen los of vast worden gedragen dankzij de handige ritssluiting, wat zorgt voor extra flexibiliteit tijdens het werk.<\/p>\n<p class=\"\" data-start=\"1040\" data-end=\"1498\">De short heeft een klassieke gulp met knopen, metalen details en een comfortabele regular fit. Daarnaast is hij uitgerust met slimme extra\u2019s zoals hamerlussen met klittenband, een ID-kaarthouder, D-ring en een meshhouder. In de beenzak vind je een handige rits en een aparte telefoonzak van ademend meshmateriaal, zodat je jouw telefoon veilig en binnen handbereik kunt opbergen. Ook de duimstokzak is slim ingedeeld met ruimte voor een pen en een meshouder.<\/p>\n<p class=\"\" data-start=\"1914\" data-end=\"1965\">\n","protected":false},"excerpt":{"rendered":"<h2 class=\"\" data-start=\"1972\" data-end=\"2017\"><\/h2>\n<ul data-start=\"2019\" data-end=\"2205\">\n<li class=\"\" data-start=\"2019\" data-end=\"2054\">\n<p class=\"\" data-start=\"2021\" data-end=\"2054\">Duurzame CORDURA\u00ae denim stretch<\/p>\n<\/li>\n<li class=\"\" data-start=\"2055\" data-end=\"2117\">\n<p class=\"\" data-start=\"2057\" data-end=\"2117\">2-weg stretchmateriaal in het kruis voor bewegingsvrijheid<\/p>\n<\/li>\n<li class=\"\" data-start=\"2118\" data-end=\"2164\">\n<p class=\"\" data-start=\"2120\" data-end=\"2164\">Versterkte gereedschaps- en duimstokzakken<\/p>\n<\/li>\n<li class=\"\" data-start=\"2165\" data-end=\"2205\">\n<p class=\"\" data-start=\"2167\" data-end=\"2205\">Beenzak met rits en mesh telefoonzak<\/p>\n<\/li>\n<\/ul>\n","protected":false},"featured_media":10706,"comment_status":"open","ping_status":"closed","template":"","meta":{"_acf_changed":false},"product_brand":[711],"product_cat":[705,706],"product_tag":[712],"class_list":{"0":"post-10616","1":"product","2":"type-product","3":"status-publish","4":"has-post-thumbnail","6":"product_brand-blaklader","7":"product_cat-werkkleding","8":"product_cat-broeken","9":"product_tag-blaklader","11":"first","12":"instock","13":"taxable","14":"shipping-taxable","15":"purchasable","16":"product-type-variable","17":"rtwpvg-product"},"acf":[],"_links":{"self":[{"href":"https:\/\/toolexpert.nl\/en\/wp-json\/wp\/v2\/product\/10616","targetHints":{"allow":["GET"]}}],"collection":[{"href":"https:\/\/toolexpert.nl\/en\/wp-json\/wp\/v2\/product"}],"about":[{"href":"https:\/\/toolexpert.nl\/en\/wp-json\/wp\/v2\/types\/product"}],"replies":[{"embeddable":true,"href":"https:\/\/toolexpert.nl\/en\/wp-json\/wp\/v2\/comments?post=10616"}],"wp:featuredmedia":[{"embeddable":true,"href":"https:\/\/toolexpert.nl\/en\/wp-json\/wp\/v2\/media\/10706"}],"wp:attachment":[{"href":"https:\/\/toolexpert.nl\/en\/wp-json\/wp\/v2\/media?parent=10616"}],"wp:term":[{"taxonomy":"product_brand","embeddable":true,"href":"https:\/\/toolexpert.nl\/en\/wp-json\/wp\/v2\/product_brand?post=10616"},{"taxonomy":"product_cat","embeddable":true,"href":"https:\/\/toolexpert.nl\/en\/wp-json\/wp\/v2\/product_cat?post=10616"},{"taxonomy":"product_tag","embeddable":true,"href":"https:\/\/toolexpert.nl\/en\/wp-json\/wp\/v2\/product_tag?post=10616"}],"curies":[{"name":"wp","href":"https:\/\/api.w.org\/{rel}","templated":true}]}}